{"id":29413,"date":"2021-06-28T12:26:28","date_gmt":"2021-06-28T12:26:28","guid":{"rendered":"https:\/\/onoluroloji.com\/?page_id=29413"},"modified":"2024-09-08T21:21:49","modified_gmt":"2024-09-08T21:21:49","slug":"en","status":"publish","type":"page","link":"https:\/\/onoluroloji.com\/en\/","title":{"rendered":"Home EN"},"content":{"rendered":"\t\t<div data-elementor-type=\"wp-post\" data-elementor-id=\"29413\" class=\"elementor elementor-29413 elementor-29408\" data-elementor-settings=\"[]\">\n\t\t\t\t\t\t\t<div class=\"elementor-section-wrap\">\n\t\t\t\t\t\t\t<section class=\"elementor-section elementor-top-section elementor-element elementor-element-fa6fe4b elementor-section-full_width elementor-section-height-min-height elementor-section-height-default elementor-section-items-middle\" data-id=\"fa6fe4b\" data-element_type=\"section\">\n\t\t\t\t\t\t\t<div class=\"elementor-background-overlay\"><\/div>\n\t\t\t\t\t\t\t<div class=\"elementor-container elementor-column-gap-no\">\n\t\t\t\t\t<div class=\"elementor-column elementor-col-100 elementor-top-column elementor-element elementor-element-8a26a2e\" data-id=\"8a26a2e\" data-element_type=\"column\">\n\t\t\t<div class=\"elementor-widget-wrap elementor-element-populated\">\n\t\t\t\t\t\t\t\t<div class=\"elementor-element elementor-element-a3df8b0 elementor-hidden-desktop elementor-hidden-tablet elementor-widget elementor-widget-spacer\" data-id=\"a3df8b0\" data-element_type=\"widget\" data-widget_type=\"spacer.default\">\n\t\t\t\t<div class=\"elementor-widget-container\">\n\t\t\t\t\t<div class=\"elementor-spacer\">\n\t\t\t<div class=\"elementor-spacer-inner\"><\/div>\n\t\t<\/div>\n\t\t\t\t<\/div>\n\t\t\t\t<\/div>\n\t\t\t\t<div class=\"elementor-element elementor-element-b159f98 elementor-hidden-desktop elementor-widget elementor-widget-text-editor\" data-id=\"b159f98\" data-element_type=\"widget\" data-widget_type=\"text-editor.default\">\n\t\t\t\t<div class=\"elementor-widget-container\">\n\t\t\t\t\t\t\t\t<div id=\"metaslider-id-27995\" style=\"width: 100%;\" class=\"ml-slider-3-91-0 metaslider metaslider-flex metaslider-27995 ml-slider ms-theme-cubic nav-hidden\" role=\"region\" aria-roledescription=\"Slideshow\" aria-label=\"New Slideshow EN M\">\n    <div id=\"metaslider_container_27995\">\n        <div id=\"metaslider_27995\">\n            <ul class='slides'>\n                <li style=\"display: block; width: 100%;\" class=\"slide-28590 ms-image \" aria-roledescription=\"slide\" aria-label=\"slide-28590\"><img loading=\"lazy\" decoding=\"async\" src=\"https:\/\/onoluroloji.com\/wp-content\/uploads\/2024\/10\/Mobil-ENG-1-700x700.jpg\" height=\"700\" width=\"700\" alt=\"\" class=\"slider-27995 slide-28590\" title=\"Mobil ENG 1\" \/><\/li>\n                <li style=\"display: none; width: 100%;\" class=\"slide-27996 ms-image \" aria-roledescription=\"slide\" aria-label=\"slide-27996\"><img loading=\"lazy\" decoding=\"async\" src=\"https:\/\/onoluroloji.com\/wp-content\/uploads\/2024\/10\/Mobil-ENG-2-700x700.jpg\" height=\"700\" width=\"700\" alt=\"\" class=\"slider-27995 slide-27996\" title=\"Mobil ENG 2\" \/><\/li>\n                <li style=\"display: none; width: 100%;\" class=\"slide-27997 ms-image \" aria-roledescription=\"slide\" aria-label=\"slide-27997\"><img loading=\"lazy\" decoding=\"async\" src=\"https:\/\/onoluroloji.com\/wp-content\/uploads\/2024\/10\/Mobil-ENG-3-700x700.jpg\" height=\"700\" width=\"700\" alt=\"\" class=\"slider-27995 slide-27997\" title=\"Mobil ENG 3\" \/><\/li>\n            <\/ul>\n        <\/div>\n        \n    <\/div>\n<\/div>\t\t\t\t\t\t<\/div>\n\t\t\t\t<\/div>\n\t\t\t\t<div class=\"elementor-element elementor-element-67103ca elementor-hidden-tablet elementor-hidden-phone elementor-widget elementor-widget-text-editor\" data-id=\"67103ca\" data-element_type=\"widget\" data-widget_type=\"text-editor.default\">\n\t\t\t\t<div class=\"elementor-widget-container\">\n\t\t\t\t\t\t\t\t<div id=\"metaslider-id-29017\" style=\"width: 100%;\" class=\"ml-slider-3-91-0 metaslider metaslider-nivo metaslider-29017 ml-slider ms-theme-default nav-hidden\" role=\"region\" aria-roledescription=\"Slideshow\" aria-label=\"New Slideshow EN D\">\n    <div id=\"metaslider_container_29017\">\n        <div class='slider-wrapper theme-default'><div class='ribbon'><\/div><div id='metaslider_29017' class='nivoSlider'><img loading=\"lazy\" decoding=\"async\" src=\"https:\/\/onoluroloji.com\/wp-content\/uploads\/2024\/10\/Slider-ENG-1.jpg\" height=\"800\" width=\"1920\" title=\"Slider ENG 1\" alt=\"\" class=\"slider-29017 slide-29018\" \/><img loading=\"lazy\" decoding=\"async\" src=\"https:\/\/onoluroloji.com\/wp-content\/uploads\/2024\/10\/Slider-ENG-2-1.jpg\" height=\"800\" width=\"1920\" title=\"Slider ENG 2 (1)\" alt=\"\" class=\"slider-29017 slide-29020\" \/><img loading=\"lazy\" decoding=\"async\" src=\"https:\/\/onoluroloji.com\/wp-content\/uploads\/2024\/10\/Slider-ENG-3.jpg\" height=\"800\" width=\"1920\" title=\"Slider ENG 3\" alt=\"\" class=\"slider-29017 slide-29019\" \/><\/div><\/div>\n        \n    <\/div>\n<\/div>\t\t\t\t\t\t<\/div>\n\t\t\t\t<\/div>\n\t\t\t\t<section class=\"elementor-section elementor-inner-section elementor-element elementor-element-5b4952c1 elementor-section-boxed elementor-section-height-default elementor-section-height-default\" data-id=\"5b4952c1\" data-element_type=\"section\" id=\"main-box\">\n\t\t\t\t\t\t<div class=\"elementor-container elementor-column-gap-default\">\n\t\t\t\t\t<div class=\"elementor-column elementor-col-33 elementor-inner-column elementor-element elementor-element-4fd7f709\" data-id=\"4fd7f709\" data-element_type=\"column\" data-settings=\"{&quot;background_background&quot;:&quot;classic&quot;}\">\n\t\t\t<div class=\"elementor-widget-wrap elementor-element-populated\">\n\t\t\t\t\t\t\t\t<div class=\"elementor-element elementor-element-94bce2e elementor-view-default elementor-vertical-align-top elementor-widget elementor-widget-icon-box\" data-id=\"94bce2e\" data-element_type=\"widget\" data-widget_type=\"icon-box.default\">\n\t\t\t\t<div class=\"elementor-widget-container\">\n\t\t\t\t\t<div class=\"elementor-icon-box-wrapper\">\n\t\t\t\t\t\t<div class=\"elementor-icon-box-content\">\n\t\t\t\t<h3 class=\"elementor-icon-box-title\">\n\t\t\t\t\t<span >Male Urology<\/span>\n\t\t\t\t<\/h3>\n\t\t\t\t\t\t\t\t<p class=\"elementor-icon-box-description\">Our team provides extensive information on your diseases with videos, articles and images about male urological diseases.<\/p>\n\t\t\t\t\t\t\t<\/div>\n\t\t<\/div>\n\t\t\t\t<\/div>\n\t\t\t\t<\/div>\n\t\t\t\t<div class=\"elementor-element elementor-element-04b432d elementor-align-center elementor-widget elementor-widget-button\" data-id=\"04b432d\" data-element_type=\"widget\" data-widget_type=\"button.default\">\n\t\t\t\t<div class=\"elementor-widget-container\">\n\t\t\t\t\t<div class=\"elementor-button-wrapper\">\n\t\t\t<a href=\"\/en\/male-diseases\" class=\"elementor-button-link elementor-button elementor-size-xs\" role=\"button\">\n\t\t\t\t\t\t<span class=\"elementor-button-content-wrapper\">\n\t\t\t\t\t\t<span class=\"elementor-button-text\">Male Diseases<\/span>\n\t\t<\/span>\n\t\t\t\t\t<\/a>\n\t\t<\/div>\n\t\t\t\t<\/div>\n\t\t\t\t<\/div>\n\t\t\t\t\t<\/div>\n\t\t<\/div>\n\t\t\t\t<div class=\"elementor-column elementor-col-33 elementor-inner-column elementor-element elementor-element-1ce5f945\" data-id=\"1ce5f945\" data-element_type=\"column\" data-settings=\"{&quot;background_background&quot;:&quot;classic&quot;}\">\n\t\t\t<div class=\"elementor-widget-wrap elementor-element-populated\">\n\t\t\t\t\t\t\t\t<div class=\"elementor-element elementor-element-442c7c2 elementor-view-default elementor-vertical-align-top elementor-widget elementor-widget-icon-box\" data-id=\"442c7c2\" data-element_type=\"widget\" data-widget_type=\"icon-box.default\">\n\t\t\t\t<div class=\"elementor-widget-container\">\n\t\t\t\t\t<div class=\"elementor-icon-box-wrapper\">\n\t\t\t\t\t\t<div class=\"elementor-icon-box-content\">\n\t\t\t\t<h3 class=\"elementor-icon-box-title\">\n\t\t\t\t\t<span >Female Urology<\/span>\n\t\t\t\t<\/h3>\n\t\t\t\t\t\t\t\t<p class=\"elementor-icon-box-description\">Our physicians who are experienced in female urology give information on the medical and surgical treatments that will save patients from their physical and psychological traumas.<\/p>\n\t\t\t\t\t\t\t<\/div>\n\t\t<\/div>\n\t\t\t\t<\/div>\n\t\t\t\t<\/div>\n\t\t\t\t<div class=\"elementor-element elementor-element-879623f elementor-align-center elementor-widget elementor-widget-button\" data-id=\"879623f\" data-element_type=\"widget\" data-widget_type=\"button.default\">\n\t\t\t\t<div class=\"elementor-widget-container\">\n\t\t\t\t\t<div class=\"elementor-button-wrapper\">\n\t\t\t<a href=\"\/en\/female-diseases\" class=\"elementor-button-link elementor-button elementor-size-xs\" role=\"button\">\n\t\t\t\t\t\t<span class=\"elementor-button-content-wrapper\">\n\t\t\t\t\t\t<span class=\"elementor-button-text\">Female Diseases<\/span>\n\t\t<\/span>\n\t\t\t\t\t<\/a>\n\t\t<\/div>\n\t\t\t\t<\/div>\n\t\t\t\t<\/div>\n\t\t\t\t\t<\/div>\n\t\t<\/div>\n\t\t\t\t<div class=\"elementor-column elementor-col-33 elementor-inner-column elementor-element elementor-element-3c0f7d8a\" data-id=\"3c0f7d8a\" data-element_type=\"column\" data-settings=\"{&quot;background_background&quot;:&quot;classic&quot;}\">\n\t\t\t<div class=\"elementor-widget-wrap elementor-element-populated\">\n\t\t\t\t\t\t\t\t<div class=\"elementor-element elementor-element-a4dfd3d elementor-view-default elementor-vertical-align-top elementor-widget elementor-widget-icon-box\" data-id=\"a4dfd3d\" data-element_type=\"widget\" data-widget_type=\"icon-box.default\">\n\t\t\t\t<div class=\"elementor-widget-container\">\n\t\t\t\t\t<div class=\"elementor-icon-box-wrapper\">\n\t\t\t\t\t\t<div class=\"elementor-icon-box-content\">\n\t\t\t\t<h3 class=\"elementor-icon-box-title\">\n\t\t\t\t\t<span >Pediatric Urology<\/span>\n\t\t\t\t<\/h3>\n\t\t\t\t\t\t\t\t<p class=\"elementor-icon-box-description\">Our physician who is certified in pediatric urology relived parents of their concerns in the light of up-to-date information by briefing them about treatment and surgical operation about the congenital or postnatal pediatric conditions.<\/p>\n\t\t\t\t\t\t\t<\/div>\n\t\t<\/div>\n\t\t\t\t<\/div>\n\t\t\t\t<\/div>\n\t\t\t\t<div class=\"elementor-element elementor-element-8f59149 elementor-align-center elementor-widget elementor-widget-button\" data-id=\"8f59149\" data-element_type=\"widget\" data-widget_type=\"button.default\">\n\t\t\t\t<div class=\"elementor-widget-container\">\n\t\t\t\t\t<div class=\"elementor-button-wrapper\">\n\t\t\t<a href=\"\/en\/child-diseases\" class=\"elementor-button-link elementor-button elementor-size-xs\" role=\"button\">\n\t\t\t\t\t\t<span class=\"elementor-button-content-wrapper\">\n\t\t\t\t\t\t<span class=\"elementor-button-text\">Child Diseases<\/span>\n\t\t<\/span>\n\t\t\t\t\t<\/a>\n\t\t<\/div>\n\t\t\t\t<\/div>\n\t\t\t\t<\/div>\n\t\t\t\t\t<\/div>\n\t\t<\/div>\n\t\t\t\t\t\t\t<\/div>\n\t\t<\/section>\n\t\t\t\t<div class=\"elementor-element elementor-element-fea5f69 elementor-fixed elementor-widget elementor-widget-heading\" data-id=\"fea5f69\" data-element_type=\"widget\" data-settings=\"{&quot;_position&quot;:&quot;fixed&quot;}\" data-widget_type=\"heading.default\">\n\t\t\t\t<div class=\"elementor-widget-container\">\n\t\t\t<h1 class=\"elementor-heading-title elementor-size-default\">\u00d6NOL \u00dcROLOJ\u0130<\/h1>\t\t<\/div>\n\t\t\t\t<\/div>\n\t\t\t\t\t<\/div>\n\t\t<\/div>\n\t\t\t\t\t\t\t<\/div>\n\t\t<\/section>\n\t\t\t\t<section class=\"elementor-section elementor-top-section elementor-element elementor-element-53d02b5a elementor-section-boxed elementor-section-height-default elementor-section-height-default\" data-id=\"53d02b5a\" data-element_type=\"section\" data-settings=\"{&quot;background_background&quot;:&quot;classic&quot;}\">\n\t\t\t\t\t\t\t<div class=\"elementor-background-overlay\"><\/div>\n\t\t\t\t\t\t\t<div class=\"elementor-container elementor-column-gap-default\">\n\t\t\t\t\t<div class=\"elementor-column elementor-col-100 elementor-top-column elementor-element elementor-element-155c094d\" data-id=\"155c094d\" data-element_type=\"column\">\n\t\t\t<div class=\"elementor-widget-wrap elementor-element-populated\">\n\t\t\t\t\t\t\t\t<div class=\"elementor-element elementor-element-75de0c89 elementor-position-top elementor-vertical-align-top elementor-widget elementor-widget-image-box\" data-id=\"75de0c89\" data-element_type=\"widget\" data-widget_type=\"image-box.default\">\n\t\t\t\t<div class=\"elementor-widget-container\">\n\t\t\t<div class=\"elementor-image-box-wrapper\"><div class=\"elementor-image-box-content\"><p class=\"elementor-image-box-description\">Our platform contains detailed information on the science of urology and it has been developed based on extensive experience of Prof. Dr. S. Yavuz \u00d6nol and Assoc. Prof. Dr. F. Fatih \u00d6nol. Our aim is to provide information on urological disorders and treatment methods with videos, articles and images. Emphasis is particularly placed on the internationally accepted medical and surgical approaches to the treatment of the patients who have undergone unsuccessful surgical operations. You can contact us for diagnosis and correct treatment of your medical problems.\n\n\n<\/p><\/div><\/div>\t\t<\/div>\n\t\t\t\t<\/div>\n\t\t\t\t<div class=\"elementor-element elementor-element-1213f093 elementor-align-center elementor-mobile-align-center elementor-widget elementor-widget-button\" data-id=\"1213f093\" data-element_type=\"widget\" data-widget_type=\"button.default\">\n\t\t\t\t<div class=\"elementor-widget-container\">\n\t\t\t\t\t<div class=\"elementor-button-wrapper\">\n\t\t\t<a href=\"\/en\/contact\" class=\"elementor-button-link elementor-button elementor-size-lg\" role=\"button\">\n\t\t\t\t\t\t<span class=\"elementor-button-content-wrapper\">\n\t\t\t\t\t\t<span class=\"elementor-button-text\">Contact<\/span>\n\t\t<\/span>\n\t\t\t\t\t<\/a>\n\t\t<\/div>\n\t\t\t\t<\/div>\n\t\t\t\t<\/div>\n\t\t\t\t\t<\/div>\n\t\t<\/div>\n\t\t\t\t\t\t\t<\/div>\n\t\t<\/section>\n\t\t\t\t<section class=\"elementor-section elementor-top-section elementor-element elementor-element-c2a7712 elementor-section-boxed elementor-section-height-default elementor-section-height-default\" data-id=\"c2a7712\" data-element_type=\"section\">\n\t\t\t\t\t\t<div class=\"elementor-container elementor-column-gap-default\">\n\t\t\t\t\t<div class=\"elementor-column elementor-col-100 elementor-top-column elementor-element elementor-element-8f42cdd\" data-id=\"8f42cdd\" data-element_type=\"column\">\n\t\t\t<div class=\"elementor-widget-wrap elementor-element-populated\">\n\t\t\t\t\t\t\t\t<section class=\"elementor-section elementor-inner-section elementor-element elementor-element-0a71c97 elementor-section-boxed elementor-section-height-default elementor-section-height-default\" data-id=\"0a71c97\" data-element_type=\"section\">\n\t\t\t\t\t\t<div class=\"elementor-container elementor-column-gap-default\">\n\t\t\t\t\t<div class=\"elementor-column elementor-col-50 elementor-inner-column elementor-element elementor-element-48da9e8 box-white\" data-id=\"48da9e8\" data-element_type=\"column\" data-settings=\"{&quot;background_background&quot;:&quot;classic&quot;}\">\n\t\t\t<div class=\"elementor-widget-wrap elementor-element-populated\">\n\t\t\t\t\t\t\t\t<div class=\"elementor-element elementor-element-4bab106 elementor-widget elementor-widget-image\" data-id=\"4bab106\" data-element_type=\"widget\" data-widget_type=\"image.default\">\n\t\t\t\t<div class=\"elementor-widget-container\">\n\t\t\t\t\t\t\t\t\t\t\t\t\t\t\t<img loading=\"lazy\" decoding=\"async\" width=\"750\" height=\"500\" src=\"https:\/\/onoluroloji.com\/wp-content\/uploads\/2021\/06\/onoluroloji-11.jpg\" class=\"attachment-large size-large\" alt=\"\" srcset=\"https:\/\/onoluroloji.com\/wp-content\/uploads\/2021\/06\/onoluroloji-11.jpg 750w, https:\/\/onoluroloji.com\/wp-content\/uploads\/2021\/06\/onoluroloji-11-300x200.jpg 300w\" sizes=\"auto, (max-width: 750px) 100vw, 750px\" \/>\t\t\t\t\t\t\t\t\t\t\t\t\t\t\t<\/div>\n\t\t\t\t<\/div>\n\t\t\t\t<div class=\"elementor-element elementor-element-7ecc963 text-box elementor-view-default elementor-vertical-align-top elementor-widget elementor-widget-icon-box\" data-id=\"7ecc963\" data-element_type=\"widget\" data-widget_type=\"icon-box.default\">\n\t\t\t\t<div class=\"elementor-widget-container\">\n\t\t\t\t\t<div class=\"elementor-icon-box-wrapper\">\n\t\t\t\t\t\t<div class=\"elementor-icon-box-content\">\n\t\t\t\t<h3 class=\"elementor-icon-box-title\">\n\t\t\t\t\t<span >Prof. Dr. \u015e. Yavuz \u00d6NOL<\/span>\n\t\t\t\t<\/h3>\n\t\t\t\t\t\t\t\t<p class=\"elementor-icon-box-description\">Prof. Dr. \u015e. Yavuz \u00d6nol served as a chief assistant, an assistant professor, an associate professor and a professor at various positions at the Turkish Armed Forces and conducted training and research activities and worked as a faculty member and clinic chief during his 33-year service before retiring as a senior colonel. Afterwards, he resumed his training activities as a urology clinic chief and urology department head. At these positions, he contributed to the education of many urologists. During his career, he has made 427 publications and proceedings at national and international venues. In addition, he is known for the two surgical techniques he had developed: TURC (Total Utilization of Retroperitoneum for Colpopexy) technique and ONOL technique.<\/p>\n\t\t\t\t\t\t\t<\/div>\n\t\t<\/div>\n\t\t\t\t<\/div>\n\t\t\t\t<\/div>\n\t\t\t\t<div class=\"elementor-element elementor-element-6e0b5f3 elementor-align-center elementor-widget elementor-widget-button\" data-id=\"6e0b5f3\" data-element_type=\"widget\" data-widget_type=\"button.default\">\n\t\t\t\t<div class=\"elementor-widget-container\">\n\t\t\t\t\t<div class=\"elementor-button-wrapper\">\n\t\t\t<a href=\"\/en\/prof-dr-s-yavuz-onol\/\" class=\"elementor-button-link elementor-button elementor-size-sm\" role=\"button\">\n\t\t\t\t\t\t<span class=\"elementor-button-content-wrapper\">\n\t\t\t\t\t\t<span class=\"elementor-button-text\">More<\/span>\n\t\t<\/span>\n\t\t\t\t\t<\/a>\n\t\t<\/div>\n\t\t\t\t<\/div>\n\t\t\t\t<\/div>\n\t\t\t\t\t<\/div>\n\t\t<\/div>\n\t\t\t\t<div class=\"elementor-column elementor-col-50 elementor-inner-column elementor-element elementor-element-8e3e757 box-white\" data-id=\"8e3e757\" data-element_type=\"column\" data-settings=\"{&quot;background_background&quot;:&quot;classic&quot;}\">\n\t\t\t<div class=\"elementor-widget-wrap elementor-element-populated\">\n\t\t\t\t\t\t\t\t<div class=\"elementor-element elementor-element-8d97d84 elementor-widget elementor-widget-image\" data-id=\"8d97d84\" data-element_type=\"widget\" data-widget_type=\"image.default\">\n\t\t\t\t<div class=\"elementor-widget-container\">\n\t\t\t\t\t\t\t\t\t\t\t\t\t\t\t<img loading=\"lazy\" decoding=\"async\" width=\"750\" height=\"500\" src=\"https:\/\/onoluroloji.com\/wp-content\/uploads\/2021\/06\/onoluroloji-22.jpg\" class=\"attachment-large size-large\" alt=\"\" srcset=\"https:\/\/onoluroloji.com\/wp-content\/uploads\/2021\/06\/onoluroloji-22.jpg 750w, https:\/\/onoluroloji.com\/wp-content\/uploads\/2021\/06\/onoluroloji-22-300x200.jpg 300w\" sizes=\"auto, (max-width: 750px) 100vw, 750px\" \/>\t\t\t\t\t\t\t\t\t\t\t\t\t\t\t<\/div>\n\t\t\t\t<\/div>\n\t\t\t\t<div class=\"elementor-element elementor-element-f20b7e0 text-box elementor-view-default elementor-vertical-align-top elementor-widget elementor-widget-icon-box\" data-id=\"f20b7e0\" data-element_type=\"widget\" data-widget_type=\"icon-box.default\">\n\t\t\t\t<div class=\"elementor-widget-container\">\n\t\t\t\t\t<div class=\"elementor-icon-box-wrapper\">\n\t\t\t\t\t\t<div class=\"elementor-icon-box-content\">\n\t\t\t\t<h3 class=\"elementor-icon-box-title\">\n\t\t\t\t\t<span >Do\u00e7. Dr. F. Fatih \u00d6NOL<\/span>\n\t\t\t\t<\/h3>\n\t\t\t\t\t\t\t\t<p class=\"elementor-icon-box-description\">Having completed his medical specialty in urology at the Department of Urology of the Faculty of Medicine at Marmara University, Dr. F. Fatih \u00d6nol attended the clinical observership program at the Department of Urology of Thomas Jefferson University Hospital in Philadelphia, the US, between 2001 and 2002. He went through the general surgery rotation at the same university between March and June 2002. In 2003, he worked as the clinical observer at the Department of Urology of the University of Pennsylvania (UPENN) Hospital and the Department of Pediatric Urology of the Children\u2019s Hospital of Philadelphia (CHOP), located in Philadelphia, the US.\n\n<br><br><\/p>\n\t\t\t\t\t\t\t<\/div>\n\t\t<\/div>\n\t\t\t\t<\/div>\n\t\t\t\t<\/div>\n\t\t\t\t<div class=\"elementor-element elementor-element-b670473 elementor-align-center elementor-widget elementor-widget-button\" data-id=\"b670473\" data-element_type=\"widget\" data-widget_type=\"button.default\">\n\t\t\t\t<div class=\"elementor-widget-container\">\n\t\t\t\t\t<div class=\"elementor-button-wrapper\">\n\t\t\t<a href=\"\/en\/doc-dr-f-fatih-onol\/\" class=\"elementor-button-link elementor-button elementor-size-sm\" role=\"button\">\n\t\t\t\t\t\t<span class=\"elementor-button-content-wrapper\">\n\t\t\t\t\t\t<span class=\"elementor-button-text\">More<\/span>\n\t\t<\/span>\n\t\t\t\t\t<\/a>\n\t\t<\/div>\n\t\t\t\t<\/div>\n\t\t\t\t<\/div>\n\t\t\t\t\t<\/div>\n\t\t<\/div>\n\t\t\t\t\t\t\t<\/div>\n\t\t<\/section>\n\t\t\t\t\t<\/div>\n\t\t<\/div>\n\t\t\t\t\t\t\t<\/div>\n\t\t<\/section>\n\t\t\t\t\t\t<\/div>\n\t\t\t\t\t<\/div>\n\t\t","protected":false},"excerpt":{"rendered":"<p>Male Urology Our team provides extensive information on your diseases with videos, articles and images about male urological diseases. Male Diseases Female Urology Our physicians who are experienced in female urology give information on the medical and surgical treatments that will save patients from their physical and psychological traumas. Female Diseases Pediatric Urology Our physician &hellip;<\/p>\n<p class=\"read-more\"> <a class=\"\" href=\"https:\/\/onoluroloji.com\/en\/\"> <span class=\"screen-reader-text\">Home EN<\/span> Read More &raquo;<\/a><\/p>\n","protected":false},"author":1,"featured_media":0,"parent":0,"menu_order":0,"comment_status":"closed","ping_status":"closed","template":"","meta":{"_themeisle_gutenberg_block_has_review":false,"footnotes":""},"class_list":["post-29413","page","type-page","status-publish","hentry"],"uagb_featured_image_src":{"full":false,"thumbnail":false,"medium":false,"medium_large":false,"large":false,"1536x1536":false,"2048x2048":false},"uagb_author_info":{"display_name":"admin","author_link":"https:\/\/onoluroloji.com\/en\/author\/admin\/"},"uagb_comment_info":0,"uagb_excerpt":"Male Urology Our team provides extensive information on your diseases with videos, articles and images about male urological diseases. Male Diseases Female Urology Our physicians who are experienced in female urology give information on the medical and surgical treatments that will save patients from their physical and psychological traumas. Female Diseases Pediatric Urology Our physician&hellip;","_links":{"self":[{"href":"https:\/\/onoluroloji.com\/en\/wp-json\/wp\/v2\/pages\/29413","targetHints":{"allow":["GET"]}}],"collection":[{"href":"https:\/\/onoluroloji.com\/en\/wp-json\/wp\/v2\/pages"}],"about":[{"href":"https:\/\/onoluroloji.com\/en\/wp-json\/wp\/v2\/types\/page"}],"author":[{"embeddable":true,"href":"https:\/\/onoluroloji.com\/en\/wp-json\/wp\/v2\/users\/1"}],"replies":[{"embeddable":true,"href":"https:\/\/onoluroloji.com\/en\/wp-json\/wp\/v2\/comments?post=29413"}],"version-history":[{"count":32,"href":"https:\/\/onoluroloji.com\/en\/wp-json\/wp\/v2\/pages\/29413\/revisions"}],"predecessor-version":[{"id":33440,"href":"https:\/\/onoluroloji.com\/en\/wp-json\/wp\/v2\/pages\/29413\/revisions\/33440"}],"wp:attachment":[{"href":"https:\/\/onoluroloji.com\/en\/wp-json\/wp\/v2\/media?parent=29413"}],"curies":[{"name":"wp","href":"https:\/\/api.w.org\/{rel}","templated":true}]}}